{"id":189,"date":"2014-11-21T12:02:08","date_gmt":"2014-11-21T12:02:08","guid":{"rendered":"https:\/\/www.islam-anatolia.ac.uk\/?page_id=189"},"modified":"2015-09-13T10:39:18","modified_gmt":"2015-09-13T10:39:18","slug":"links","status":"publish","type":"page","link":"https:\/\/www.islam-anatolia.ac.uk\/?page_id=189","title":{"rendered":"Related Links"},"content":{"rendered":"<p><a href=\"http:\/\/www.osmanliedebiyati.com\" target=\"_blank\">Osmanl\u0131 Edebiyat\u0131 Bibliyografyas\u0131 Veritaban\u0131<\/a><\/p>\n<p><a href=\"http:\/\/www.ottomaninscriptions.com\" target=\"_blank\">Database for Ottoman Inscriptions | Osmanl\u0131 Kitabeleri Projesi<\/a><\/p>\n<p><a href=\"http:\/\/www.yek.gov.tr\/\" target=\"_blank\">T\u00fcrkiye Yazma Eserler Kurumu Ba\u015fkanl\u0131\u011f\u0131<\/a><\/p>\n<p><a title=\"Ottoman History Podcast\" href=\"http:\/\/www.ottomanhistorypodcast.com\/2015\/03\/medieval-anatolia-seljuk-mongol-ottoman.html\">Ottoman History Podcast\u00a0<\/a><\/p>\n<p><a href=\"http:\/\/www.yazmalar.gov.tr\/\" target=\"_blank\">T\u00fcrkiye Yazmalar\u0131<\/a><\/p>\n<p><a href=\"http:\/\/impact.orient.ox.ac.uk\/\">IMPAcT (<strong>13th to 16th Century Islamic Intellectual History<\/strong>)<\/a><\/p>\n<p><a href=\"http:\/\/www.islamicmanuscript.org\" target=\"_blank\">TIMA (The Islamic Manuscript Association)<\/a><\/p>\n<p><a href=\"http:\/\/britishlibrary.typepad.co.uk\/asian-and-african\/persian.html\" target=\"_blank\">The British Library: Digital Access to Persian Manuscripts<\/a><\/p>\n<p><a href=\"http:\/\/www.fihrist.org.uk\/\" target=\"_blank\">Fihrist (Contribution of manuscript records from UK libraries)<\/a><\/p>\n<p><a href=\"http:\/\/www.lib.umich.edu\/islamic\/\" target=\"_blank\">Islamic Manuscripts Collection at the University of Michigan<\/a><\/p>\n<p><a href=\"http:\/\/alraqmiyyat.org\/\" target=\"_blank\">al-Raqmiyy\u0101t : Digital Islamic History<\/a><\/p>\n<div class=\"sharedaddy sd-sharing-enabled\"><div class=\"robots-nocontent sd-block sd-social sd-social-icon-text sd-sharing\"><h3 class=\"sd-title\">Share this:<\/h3><div class=\"sd-content\"><ul><li class=\"share-facebook\"><a rel=\"nofollow\" data-shared=\"sharing-facebook-189\" class=\"share-facebook sd-button share-icon\" href=\"https:\/\/www.islam-anatolia.ac.uk\/?page_id=189&amp;share=facebook\" target=\"_blank\" title=\"Click to share on Facebook\"><span>Facebook<\/span><\/a><\/li><li class=\"share-twitter\"><a rel=\"nofollow\" data-shared=\"sharing-twitter-189\" class=\"share-twitter sd-button share-icon\" href=\"https:\/\/www.islam-anatolia.ac.uk\/?page_id=189&amp;share=twitter\" target=\"_blank\" title=\"Click to share on Twitter\"><span>Twitter<\/span><\/a><\/li><li><a href=\"#\" class=\"sharing-anchor sd-button share-more\"><span>More<\/span><\/a><\/li><li class=\"share-end\"><\/li><\/ul><div class=\"sharing-hidden\"><div class=\"inner\" style=\"display: none;\"><ul><li class=\"share-google-plus-1\"><a rel=\"nofollow\" data-shared=\"sharing-google-189\" class=\"share-google-plus-1 sd-button share-icon\" href=\"https:\/\/www.islam-anatolia.ac.uk\/?page_id=189&amp;share=google-plus-1\" target=\"_blank\" title=\"Click to share on Google+\"><span>Google<\/span><\/a><\/li><li class=\"share-linkedin\"><a rel=\"nofollow\" data-shared=\"sharing-linkedin-189\" class=\"share-linkedin sd-button share-icon\" href=\"https:\/\/www.islam-anatolia.ac.uk\/?page_id=189&amp;share=linkedin\" target=\"_blank\" title=\"Click to share on LinkedIn\"><span>LinkedIn<\/span><\/a><\/li><li class=\"share-end\"><\/li><li class=\"share-pinterest\"><a rel=\"nofollow\" data-shared=\"sharing-pinterest-189\" class=\"share-pinterest sd-button share-icon\" href=\"https:\/\/www.islam-anatolia.ac.uk\/?page_id=189&amp;share=pinterest\" target=\"_blank\" title=\"Click to share on Pinterest\"><span>Pinterest<\/span><\/a><\/li><li class=\"share-pocket\"><a rel=\"nofollow\" data-shared=\"\" class=\"share-pocket sd-button share-icon\" href=\"https:\/\/www.islam-anatolia.ac.uk\/?page_id=189&amp;share=pocket\" target=\"_blank\" title=\"Click to share on Pocket\"><span>Pocket<\/span><\/a><\/li><li class=\"share-end\"><\/li><li class=\"share-reddit\"><a rel=\"nofollow\" data-shared=\"\" class=\"share-reddit sd-button share-icon\" href=\"https:\/\/www.islam-anatolia.ac.uk\/?page_id=189&amp;share=reddit\" target=\"_blank\" title=\"Click to share on Reddit\"><span>Reddit<\/span><\/a><\/li><li class=\"share-tumblr\"><a rel=\"nofollow\" data-shared=\"\" class=\"share-tumblr sd-button share-icon\" href=\"https:\/\/www.islam-anatolia.ac.uk\/?page_id=189&amp;share=tumblr\" target=\"_blank\" title=\"Click to share on Tumblr\"><span>Tumblr<\/span><\/a><\/li><li class=\"share-end\"><\/li><li class=\"share-print\"><a rel=\"nofollow\" data-shared=\"\" class=\"share-print sd-button share-icon\" href=\"https:\/\/www.islam-anatolia.ac.uk\/?page_id=189\" target=\"_blank\" title=\"Click to print\"><span>Print<\/span><\/a><\/li><li class=\"share-end\"><\/li><\/ul><\/div><\/div><\/div><\/div><\/div>","protected":false},"excerpt":{"rendered":"<p>Osmanl\u0131 Edebiyat\u0131 Bibliyografyas\u0131 Veritaban\u0131 Database for Ottoman Inscriptions | Osmanl\u0131 Kitabeleri Projesi T\u00fcrkiye Yazma Eserler Kurumu Ba\u015fkanl\u0131\u011f\u0131 Ottoman History Podcast\u00a0 T\u00fcrkiye Yazmalar\u0131 IMPAcT (13th to 16th Century Islamic Intellectual History) TIMA (The Islamic Manuscript Association) The British Library: Digital Access to Persian Manuscripts Fihrist (Contribution of manuscript records from UK &hellip; <span class=\"continue-reading\"><a href=\"https:\/\/www.islam-anatolia.ac.uk\/?page_id=189\">Continue reading <span class=\"meta-nav\">&rarr;<\/span><\/a><\/span><\/p>\n<div class=\"sharedaddy sd-sharing-enabled\"><div class=\"robots-nocontent sd-block sd-social sd-social-icon-text sd-sharing\"><h3 class=\"sd-title\">Share this:<\/h3><div class=\"sd-content\"><ul><li class=\"share-facebook\"><a rel=\"nofollow\" data-shared=\"sharing-facebook-189\" class=\"share-facebook sd-button share-icon\" href=\"https:\/\/www.islam-anatolia.ac.uk\/?page_id=189&amp;share=facebook\" target=\"_blank\" title=\"Click to share on Facebook\"><span>Facebook<\/span><\/a><\/li><li class=\"share-twitter\"><a rel=\"nofollow\" data-shared=\"sharing-twitter-189\" class=\"share-twitter sd-button share-icon\" href=\"https:\/\/www.islam-anatolia.ac.uk\/?page_id=189&amp;share=twitter\" target=\"_blank\" title=\"Click to share on Twitter\"><span>Twitter<\/span><\/a><\/li><li><a href=\"#\" class=\"sharing-anchor sd-button share-more\"><span>More<\/span><\/a><\/li><li class=\"share-end\"><\/li><\/ul><div class=\"sharing-hidden\"><div class=\"inner\" style=\"display: none;\"><ul><li class=\"share-google-plus-1\"><a rel=\"nofollow\" data-shared=\"sharing-google-189\" class=\"share-google-plus-1 sd-button share-icon\" href=\"https:\/\/www.islam-anatolia.ac.uk\/?page_id=189&amp;share=google-plus-1\" target=\"_blank\" title=\"Click to share on Google+\"><span>Google<\/span><\/a><\/li><li class=\"share-linkedin\"><a rel=\"nofollow\" data-shared=\"sharing-linkedin-189\" class=\"share-linkedin sd-button share-icon\" href=\"https:\/\/www.islam-anatolia.ac.uk\/?page_id=189&amp;share=linkedin\" target=\"_blank\" title=\"Click to share on LinkedIn\"><span>LinkedIn<\/span><\/a><\/li><li class=\"share-end\"><\/li><li class=\"share-pinterest\"><a rel=\"nofollow\" data-shared=\"sharing-pinterest-189\" class=\"share-pinterest sd-button share-icon\" href=\"https:\/\/www.islam-anatolia.ac.uk\/?page_id=189&amp;share=pinterest\" target=\"_blank\" title=\"Click to share on Pinterest\"><span>Pinterest<\/span><\/a><\/li><li class=\"share-pocket\"><a rel=\"nofollow\" data-shared=\"\" class=\"share-pocket sd-button share-icon\" href=\"https:\/\/www.islam-anatolia.ac.uk\/?page_id=189&amp;share=pocket\" target=\"_blank\" title=\"Click to share on Pocket\"><span>Pocket<\/span><\/a><\/li><li class=\"share-end\"><\/li><li class=\"share-reddit\"><a rel=\"nofollow\" data-shared=\"\" class=\"share-reddit sd-button share-icon\" href=\"https:\/\/www.islam-anatolia.ac.uk\/?page_id=189&amp;share=reddit\" target=\"_blank\" title=\"Click to share on Reddit\"><span>Reddit<\/span><\/a><\/li><li class=\"share-tumblr\"><a rel=\"nofollow\" data-shared=\"\" class=\"share-tumblr sd-button share-icon\" href=\"https:\/\/www.islam-anatolia.ac.uk\/?page_id=189&amp;share=tumblr\" target=\"_blank\" title=\"Click to share on Tumblr\"><span>Tumblr<\/span><\/a><\/li><li class=\"share-end\"><\/li><li class=\"share-print\"><a rel=\"nofollow\" data-shared=\"\" class=\"share-print sd-button share-icon\" href=\"https:\/\/www.islam-anatolia.ac.uk\/?page_id=189\" target=\"_blank\" title=\"Click to print\"><span>Print<\/span><\/a><\/li><li class=\"share-end\"><\/li><\/ul><\/div><\/div><\/div><\/div><\/div>","protected":false},"author":1,"featured_media":0,"parent":0,"menu_order":0,"comment_status":"closed","ping_status":"closed","template":"","meta":{"footnotes":""},"class_list":["post-189","page","type-page","status-publish","hentry"],"_links":{"self":[{"href":"https:\/\/www.islam-anatolia.ac.uk\/index.php?rest_route=\/wp\/v2\/pages\/189","targetHints":{"allow":["GET"]}}],"collection":[{"href":"https:\/\/www.islam-anatolia.ac.uk\/index.php?rest_route=\/wp\/v2\/pages"}],"about":[{"href":"https:\/\/www.islam-anatolia.ac.uk\/index.php?rest_route=\/wp\/v2\/types\/page"}],"author":[{"embeddable":true,"href":"https:\/\/www.islam-anatolia.ac.uk\/index.php?rest_route=\/wp\/v2\/users\/1"}],"replies":[{"embeddable":true,"href":"https:\/\/www.islam-anatolia.ac.uk\/index.php?rest_route=%2Fwp%2Fv2%2Fcomments&post=189"}],"version-history":[{"count":12,"href":"https:\/\/www.islam-anatolia.ac.uk\/index.php?rest_route=\/wp\/v2\/pages\/189\/revisions"}],"predecessor-version":[{"id":285,"href":"https:\/\/www.islam-anatolia.ac.uk\/index.php?rest_route=\/wp\/v2\/pages\/189\/revisions\/285"}],"wp:attachment":[{"href":"https:\/\/www.islam-anatolia.ac.uk\/index.php?rest_route=%2Fwp%2Fv2%2Fmedia&parent=189"}],"curies":[{"name":"wp","href":"https:\/\/api.w.org\/{rel}","templated":true}]}}