{"id":144,"date":"2014-07-29T07:20:58","date_gmt":"2014-07-29T07:20:58","guid":{"rendered":"https:\/\/www.islam-anatolia.ac.uk\/?page_id=144"},"modified":"2014-11-21T13:46:03","modified_gmt":"2014-11-21T13:46:03","slug":"workshop-2014","status":"publish","type":"page","link":"https:\/\/www.islam-anatolia.ac.uk\/?page_id=144","title":{"rendered":"2014: Workshop"},"content":{"rendered":"<h2 style=\"text-align: center;\">Literature and Intellectual Life in Islamic Anatolia in the 14th-15th Centuries:<br \/>\nHistorical, Social and Political Perspectives<\/h2>\n<p style=\"text-align: center;\"><em>Istanbul, Orient-Institut Istanbul, 12-13 September 2014<\/em><\/p>\n<p><strong>Friday 12 September<\/strong><\/p>\n<p><strong>9:30 Panel 1: Arabic and Persian religious and literary texts of 14<sup>th<\/sup> C Anatolia<\/strong><\/p>\n<p>Bruno De Nicola (University of St Andrews)<\/p>\n<p><em>The <\/em>Fus\u1e6d\u0101\u1e6d al-\u02bfad\u0101la<em>: a Unique Manuscript on the Religious Landscape of Medieval Anatolia<\/em><\/p>\n<p>Andrew Peacock (University of St Andrews)<\/p>\n<p><em>Arabic Literature and Literacy in Fourteenth Century Anatolia<\/em><\/p>\n<p>&nbsp;<\/p>\n<p>10:45 coffee<\/p>\n<p><strong>\u00a0<\/strong><\/p>\n<p><strong>11:15 Panel 2: Alevi Poetry and<\/strong><strong> Hagiography in the 14<sup>th<\/sup>-15<sup>th<\/sup> centuries<\/strong><\/p>\n<p>Zeynep Oktay (Ecole pratique des hautes etudes, Paris)<\/p>\n<p><em>Layers of Mystical and Political Meaning in the Works of Kaygusuz Abd\u00e2l<\/em><\/p>\n<p>Yoni Brack (University of Michigan)<\/p>\n<p><em>Was Ede Bali a Wafa\u2019i\/Vefa\u2019i shaykh? The transmission and translation of the <\/em>Menakib-i Seyyid Ebu\u2019l-Vefa <em>and genealogical creativity in the early Ottoman world<\/em><\/p>\n<p><strong>\u00a0<\/strong><\/p>\n<p><strong>12:30 lunch<\/strong><\/p>\n<p><strong>\u00a0<\/strong><\/p>\n<p><strong>2pm Panel 3:<\/strong> <strong>Literary Patronage under the beyliks<\/strong><\/p>\n<p>Sara Nur Y\u0131ld\u0131z (University of St Andrews)<\/p>\n<p><em>Ayd\u0131nid literary patronage and textual communities of fourteenth-century western Anatolia<\/em><\/p>\n<p>Hatice Aynur (Istanbul, \u015eehir University)<\/p>\n<p><em>Textual Production at the Isfendiyarid (Candarid) Court, 1292-1461<\/em><\/p>\n<p>Selim Kuru (University of Washington, Seattle)<\/p>\n<p><em>The Self-promoting Poor One: G\u00fcl\u015fehri as a &#8216;Sheikh of the Book&#8217; in Fourteenth-century Anatolia<\/em><\/p>\n<p><em>\u00a0<\/em><\/p>\n<p><strong>4pm coffee\/tea<\/strong><\/p>\n<p><strong>\u00a0<\/strong><\/p>\n<p><strong>Evening reception\/dinner<\/strong><\/p>\n<p>&nbsp;<\/p>\n<p><em>\u00a0<\/em><\/p>\n<p><strong>Saturday 13 September<\/strong><\/p>\n<p><strong>9:30 am <\/strong><strong>Panel 4 Eastern Approaches to Ottoman Scholarly Culture<\/strong><\/p>\n<p>Scott Trigg (University of Wisconsin, Madison)<\/p>\n<p><em>Fat\u1e25allah al-Shirw\u0101n\u012b and the Transmission of Science from Samarqand to Istanbul<\/em><\/p>\n<p>Abdurahman At\u00e7\u0131l (Queens College, CUNY)<\/p>\n<p><em>Scholarly Encounters and Interactions: Musannifek\u2019s Migration from Herat to Konya and to Istanbul during the Fifteenth Century<\/em><\/p>\n<p><strong>\u00a0<\/strong><\/p>\n<p><strong>10:45 coffee<\/strong><\/p>\n<p><strong>\u00a0<\/strong><\/p>\n<p><strong>11:15 Panel 5: Literature at the 15<sup>th<\/sup> Century Ottoman Court<\/strong><\/p>\n<p>Sooyong Kim (Istanbul Ko\u00e7 University)<\/p>\n<p><em>Literary Activity and Patronage in 15th-Century K\u00fctahya<\/em><\/p>\n<p>Dimitris Kastritsis (University of St. Andrews)<\/p>\n<p><em>Alexander in the Ottoman Empire<\/em><\/p>\n<p>Evrim Binba\u015f (Royal Holloway, University of London)<\/p>\n<p><em>Ibn al-Jazari on the Ottomans<\/em><\/p>\n<p><em>\u00a0<\/em><\/p>\n<p><strong>1:15 lunch<\/strong><\/p>\n<p><strong>2:30 Panel 6: Fifteenth Century Anatolian Theology and Philosophy<\/strong><\/p>\n<p>Ertu\u011frul \u00d6kten (Istanbul 29 May\u0131s University)<\/p>\n<p><em>A Nurbakhshi in the Aqquyunlu domains:\u00a0Husam al-Din al-Bidlisi&#8217;s (d. 900\/1495) <\/em>Kanz al-Hafa fi Maqamat al-Sufi<\/p>\n<p>Sait \u00d6zervarl\u0131 (Y\u0131ld\u0131z Technical University in Istanbul)<\/p>\n<p><em>Ottoman Engagement in Philosophical Theology: An Examination of Sources and Debates in the Fifteenth and Early Sixteenth Century<\/em><\/p>\n<p>Ahmed Zildz\u0306i\u0107 (The Oriental Institute in Sarajevo)<\/p>\n<p><em>Agonizing terminology: Qutb al-din Izniqi and the boundaries of the acceptable<\/em><\/p>\n<p><strong>\u00a0<\/strong><\/p>\n<p><strong>4:15pm Concluding remarks<\/strong><\/p>\n<p style=\"text-align: left;\"><strong><br \/>\n<\/strong><\/p>\n<p align=\"center\"><strong><em><br \/>\n<\/em><\/strong><\/p>\n<div class=\"sharedaddy sd-sharing-enabled\"><div class=\"robots-nocontent sd-block sd-social sd-social-icon-text sd-sharing\"><h3 class=\"sd-title\">Share this:<\/h3><div class=\"sd-content\"><ul><li class=\"share-facebook\"><a rel=\"nofollow\" data-shared=\"sharing-facebook-144\" class=\"share-facebook sd-button share-icon\" href=\"https:\/\/www.islam-anatolia.ac.uk\/?page_id=144&amp;share=facebook\" target=\"_blank\" title=\"Click to share on Facebook\"><span>Facebook<\/span><\/a><\/li><li class=\"share-twitter\"><a rel=\"nofollow\" data-shared=\"sharing-twitter-144\" class=\"share-twitter sd-button share-icon\" href=\"https:\/\/www.islam-anatolia.ac.uk\/?page_id=144&amp;share=twitter\" target=\"_blank\" title=\"Click to share on Twitter\"><span>Twitter<\/span><\/a><\/li><li><a href=\"#\" class=\"sharing-anchor sd-button share-more\"><span>More<\/span><\/a><\/li><li class=\"share-end\"><\/li><\/ul><div class=\"sharing-hidden\"><div class=\"inner\" style=\"display: none;\"><ul><li class=\"share-google-plus-1\"><a rel=\"nofollow\" data-shared=\"sharing-google-144\" class=\"share-google-plus-1 sd-button share-icon\" href=\"https:\/\/www.islam-anatolia.ac.uk\/?page_id=144&amp;share=google-plus-1\" target=\"_blank\" title=\"Click to share on Google+\"><span>Google<\/span><\/a><\/li><li class=\"share-linkedin\"><a rel=\"nofollow\" data-shared=\"sharing-linkedin-144\" class=\"share-linkedin sd-button share-icon\" href=\"https:\/\/www.islam-anatolia.ac.uk\/?page_id=144&amp;share=linkedin\" target=\"_blank\" title=\"Click to share on LinkedIn\"><span>LinkedIn<\/span><\/a><\/li><li class=\"share-end\"><\/li><li class=\"share-pinterest\"><a rel=\"nofollow\" data-shared=\"sharing-pinterest-144\" class=\"share-pinterest sd-button share-icon\" href=\"https:\/\/www.islam-anatolia.ac.uk\/?page_id=144&amp;share=pinterest\" target=\"_blank\" title=\"Click to share on Pinterest\"><span>Pinterest<\/span><\/a><\/li><li class=\"share-pocket\"><a rel=\"nofollow\" data-shared=\"\" class=\"share-pocket sd-button share-icon\" href=\"https:\/\/www.islam-anatolia.ac.uk\/?page_id=144&amp;share=pocket\" target=\"_blank\" title=\"Click to share on Pocket\"><span>Pocket<\/span><\/a><\/li><li class=\"share-end\"><\/li><li class=\"share-reddit\"><a rel=\"nofollow\" data-shared=\"\" class=\"share-reddit sd-button share-icon\" href=\"https:\/\/www.islam-anatolia.ac.uk\/?page_id=144&amp;share=reddit\" target=\"_blank\" title=\"Click to share on Reddit\"><span>Reddit<\/span><\/a><\/li><li class=\"share-tumblr\"><a rel=\"nofollow\" data-shared=\"\" class=\"share-tumblr sd-button share-icon\" href=\"https:\/\/www.islam-anatolia.ac.uk\/?page_id=144&amp;share=tumblr\" target=\"_blank\" title=\"Click to share on Tumblr\"><span>Tumblr<\/span><\/a><\/li><li class=\"share-end\"><\/li><li class=\"share-print\"><a rel=\"nofollow\" data-shared=\"\" class=\"share-print sd-button share-icon\" href=\"https:\/\/www.islam-anatolia.ac.uk\/?page_id=144\" target=\"_blank\" title=\"Click to print\"><span>Print<\/span><\/a><\/li><li class=\"share-end\"><\/li><\/ul><\/div><\/div><\/div><\/div><\/div>","protected":false},"excerpt":{"rendered":"<p>Literature and Intellectual Life in Islamic Anatolia in the 14th-15th Centuries: Historical, Social and Political Perspectives Istanbul, Orient-Institut Istanbul, 12-13 September 2014 Friday 12 September 9:30 Panel 1: Arabic and Persian religious and literary texts of 14th C Anatolia Bruno De Nicola (University of St Andrews) The Fus\u1e6d\u0101\u1e6d al-\u02bfad\u0101la: a &hellip; <span class=\"continue-reading\"><a href=\"https:\/\/www.islam-anatolia.ac.uk\/?page_id=144\">Continue reading <span class=\"meta-nav\">&rarr;<\/span><\/a><\/span><\/p>\n<div class=\"sharedaddy sd-sharing-enabled\"><div class=\"robots-nocontent sd-block sd-social sd-social-icon-text sd-sharing\"><h3 class=\"sd-title\">Share this:<\/h3><div class=\"sd-content\"><ul><li class=\"share-facebook\"><a rel=\"nofollow\" data-shared=\"sharing-facebook-144\" class=\"share-facebook sd-button share-icon\" href=\"https:\/\/www.islam-anatolia.ac.uk\/?page_id=144&amp;share=facebook\" target=\"_blank\" title=\"Click to share on Facebook\"><span>Facebook<\/span><\/a><\/li><li class=\"share-twitter\"><a rel=\"nofollow\" data-shared=\"sharing-twitter-144\" class=\"share-twitter sd-button share-icon\" href=\"https:\/\/www.islam-anatolia.ac.uk\/?page_id=144&amp;share=twitter\" target=\"_blank\" title=\"Click to share on Twitter\"><span>Twitter<\/span><\/a><\/li><li><a href=\"#\" class=\"sharing-anchor sd-button share-more\"><span>More<\/span><\/a><\/li><li class=\"share-end\"><\/li><\/ul><div class=\"sharing-hidden\"><div class=\"inner\" style=\"display: none;\"><ul><li class=\"share-google-plus-1\"><a rel=\"nofollow\" data-shared=\"sharing-google-144\" class=\"share-google-plus-1 sd-button share-icon\" href=\"https:\/\/www.islam-anatolia.ac.uk\/?page_id=144&amp;share=google-plus-1\" target=\"_blank\" title=\"Click to share on Google+\"><span>Google<\/span><\/a><\/li><li class=\"share-linkedin\"><a rel=\"nofollow\" data-shared=\"sharing-linkedin-144\" class=\"share-linkedin sd-button share-icon\" href=\"https:\/\/www.islam-anatolia.ac.uk\/?page_id=144&amp;share=linkedin\" target=\"_blank\" title=\"Click to share on LinkedIn\"><span>LinkedIn<\/span><\/a><\/li><li class=\"share-end\"><\/li><li class=\"share-pinterest\"><a rel=\"nofollow\" data-shared=\"sharing-pinterest-144\" class=\"share-pinterest sd-button share-icon\" href=\"https:\/\/www.islam-anatolia.ac.uk\/?page_id=144&amp;share=pinterest\" target=\"_blank\" title=\"Click to share on Pinterest\"><span>Pinterest<\/span><\/a><\/li><li class=\"share-pocket\"><a rel=\"nofollow\" data-shared=\"\" class=\"share-pocket sd-button share-icon\" href=\"https:\/\/www.islam-anatolia.ac.uk\/?page_id=144&amp;share=pocket\" target=\"_blank\" title=\"Click to share on Pocket\"><span>Pocket<\/span><\/a><\/li><li class=\"share-end\"><\/li><li class=\"share-reddit\"><a rel=\"nofollow\" data-shared=\"\" class=\"share-reddit sd-button share-icon\" href=\"https:\/\/www.islam-anatolia.ac.uk\/?page_id=144&amp;share=reddit\" target=\"_blank\" title=\"Click to share on Reddit\"><span>Reddit<\/span><\/a><\/li><li class=\"share-tumblr\"><a rel=\"nofollow\" data-shared=\"\" class=\"share-tumblr sd-button share-icon\" href=\"https:\/\/www.islam-anatolia.ac.uk\/?page_id=144&amp;share=tumblr\" target=\"_blank\" title=\"Click to share on Tumblr\"><span>Tumblr<\/span><\/a><\/li><li class=\"share-end\"><\/li><li class=\"share-print\"><a rel=\"nofollow\" data-shared=\"\" class=\"share-print sd-button share-icon\" href=\"https:\/\/www.islam-anatolia.ac.uk\/?page_id=144\" target=\"_blank\" title=\"Click to print\"><span>Print<\/span><\/a><\/li><li class=\"share-end\"><\/li><\/ul><\/div><\/div><\/div><\/div><\/div>","protected":false},"author":1,"featured_media":0,"parent":239,"menu_order":0,"comment_status":"closed","ping_status":"closed","template":"","meta":{"footnotes":""},"class_list":["post-144","page","type-page","status-publish","hentry"],"_links":{"self":[{"href":"https:\/\/www.islam-anatolia.ac.uk\/index.php?rest_route=\/wp\/v2\/pages\/144","targetHints":{"allow":["GET"]}}],"collection":[{"href":"https:\/\/www.islam-anatolia.ac.uk\/index.php?rest_route=\/wp\/v2\/pages"}],"about":[{"href":"https:\/\/www.islam-anatolia.ac.uk\/index.php?rest_route=\/wp\/v2\/types\/page"}],"author":[{"embeddable":true,"href":"https:\/\/www.islam-anatolia.ac.uk\/index.php?rest_route=\/wp\/v2\/users\/1"}],"replies":[{"embeddable":true,"href":"https:\/\/www.islam-anatolia.ac.uk\/index.php?rest_route=%2Fwp%2Fv2%2Fcomments&post=144"}],"version-history":[{"count":14,"href":"https:\/\/www.islam-anatolia.ac.uk\/index.php?rest_route=\/wp\/v2\/pages\/144\/revisions"}],"predecessor-version":[{"id":215,"href":"https:\/\/www.islam-anatolia.ac.uk\/index.php?rest_route=\/wp\/v2\/pages\/144\/revisions\/215"}],"up":[{"embeddable":true,"href":"https:\/\/www.islam-anatolia.ac.uk\/index.php?rest_route=\/wp\/v2\/pages\/239"}],"wp:attachment":[{"href":"https:\/\/www.islam-anatolia.ac.uk\/index.php?rest_route=%2Fwp%2Fv2%2Fmedia&parent=144"}],"curies":[{"name":"wp","href":"https:\/\/api.w.org\/{rel}","templated":true}]}}